{"id":3750,"date":"2025-06-18T18:33:18","date_gmt":"2025-06-18T18:33:18","guid":{"rendered":"https:\/\/immigration-tocanada.com\/?page_id=3750"},"modified":"2025-06-18T18:37:17","modified_gmt":"2025-06-18T18:37:17","slug":"blog","status":"publish","type":"page","link":"https:\/\/immigration-tocanada.com\/fr\/blog\/","title":{"rendered":"Blog"},"content":{"rendered":"<div data-elementor-type=\"wp-page\" data-elementor-id=\"3750\" class=\"elementor elementor-3750\" data-elementor-post-type=\"page\">\n\t\t\t\t<div class=\"elementor-element elementor-element-972d234 e-flex e-con-boxed e-con e-parent\" data-id=\"972d234\" data-element_type=\"container\" data-settings=\"{&quot;background_background&quot;:&quot;classic&quot;}\">\n\t\t\t\t\t<div class=\"e-con-inner\">\n\t\t<div class=\"elementor-element elementor-element-fec5486 e-con-full e-flex e-con e-child\" data-id=\"fec5486\" data-element_type=\"container\">\n\t\t\t\t<div class=\"elementor-element elementor-element-06aeb8d elementor-widget elementor-widget-heading\" data-id=\"06aeb8d\" data-element_type=\"widget\" data-widget_type=\"heading.default\">\n\t\t\t\t<div class=\"elementor-widget-container\">\n\t\t\t\t\t<h1 class=\"elementor-heading-title elementor-size-default\">Blog<\/h1>\t\t\t\t<\/div>\n\t\t\t\t<\/div>\n\t\t\t\t<\/div>\n\t\t\t\t\t<\/div>\n\t\t\t\t<\/div>\n\t\t<div class=\"elementor-element elementor-element-dc56184 e-flex e-con-boxed e-con e-parent\" data-id=\"dc56184\" data-element_type=\"container\">\n\t\t\t\t\t<div class=\"e-con-inner\">\n\t\t\t\t<div class=\"elementor-element elementor-element-ac42891 elementor-grid-3 elementor-grid-tablet-2 elementor-grid-mobile-1 elementor-posts--thumbnail-top load-more-align-center elementor-widget elementor-widget-posts\" data-id=\"ac42891\" data-element_type=\"widget\" data-settings=\"{&quot;pagination_type&quot;:&quot;load_more_on_click&quot;,&quot;classic_columns&quot;:&quot;3&quot;,&quot;classic_columns_tablet&quot;:&quot;2&quot;,&quot;classic_columns_mobile&quot;:&quot;1&quot;,&quot;classic_row_gap&quot;:{&quot;unit&quot;:&quot;px&quot;,&quot;size&quot;:35,&quot;sizes&quot;:[]},&quot;classic_row_gap_tablet&quot;:{&quot;unit&quot;:&quot;px&quot;,&quot;size&quot;:&quot;&quot;,&quot;sizes&quot;:[]},&quot;classic_row_gap_mobile&quot;:{&quot;unit&quot;:&quot;px&quot;,&quot;size&quot;:&quot;&quot;,&quot;sizes&quot;:[]},&quot;load_more_spinner&quot;:{&quot;value&quot;:&quot;fas fa-spinner&quot;,&quot;library&quot;:&quot;fa-solid&quot;}}\" data-widget_type=\"posts.classic\">\n\t\t\t\t<div class=\"elementor-widget-container\">\n\t\t\t\t\t\t\t<div class=\"elementor-posts-container elementor-posts elementor-posts--skin-classic elementor-grid\">\n\t\t\t\t<article class=\"elementor-post elementor-grid-item post-3744 post type-post status-publish format-standard has-post-thumbnail hentry category-immigration\">\n\t\t\t\t<a class=\"elementor-post__thumbnail__link\" href=\"https:\/\/immigration-tocanada.com\/fr\/audiences-dadmissibilite-et-controle-des-motifs-de-detention-defendre-votre-droit-de-rester-au-canada\/\" tabindex=\"-1\" >\n\t\t\t<div class=\"elementor-post__thumbnail\"><img fetchpriority=\"high\" decoding=\"async\" width=\"2500\" height=\"900\" src=\"https:\/\/immigration-tocanada.com\/wp-content\/uploads\/2024\/07\/11.png\" class=\"attachment-full size-full wp-image-2849\" alt=\"\" srcset=\"https:\/\/immigration-tocanada.com\/wp-content\/uploads\/2024\/07\/11.png 2500w, https:\/\/immigration-tocanada.com\/wp-content\/uploads\/2024\/07\/11-300x108.png 300w, https:\/\/immigration-tocanada.com\/wp-content\/uploads\/2024\/07\/11-1024x369.png 1024w, https:\/\/immigration-tocanada.com\/wp-content\/uploads\/2024\/07\/11-768x276.png 768w, https:\/\/immigration-tocanada.com\/wp-content\/uploads\/2024\/07\/11-1536x553.png 1536w, https:\/\/immigration-tocanada.com\/wp-content\/uploads\/2024\/07\/11-2048x737.png 2048w, https:\/\/immigration-tocanada.com\/wp-content\/uploads\/2024\/07\/11-18x6.png 18w\" sizes=\"(max-width: 2500px) 100vw, 2500px\" \/><\/div>\n\t\t<\/a>\n\t\t\t\t<div class=\"elementor-post__text\">\n\t\t\t\t<h3 class=\"elementor-post__title\">\n\t\t\t<a href=\"https:\/\/immigration-tocanada.com\/fr\/audiences-dadmissibilite-et-controle-des-motifs-de-detention-defendre-votre-droit-de-rester-au-canada\/\" >\n\t\t\t\tEnqu\u00eates et contr\u00f4les des motifs de d\u00e9tention : D\u00e9fendre son droit de rester au Canada\t\t\t<\/a>\n\t\t<\/h3>\n\t\t\t\t<\/div>\n\t\t\t\t<\/article>\n\t\t\t\t<article class=\"elementor-post elementor-grid-item post-3742 post type-post status-publish format-standard has-post-thumbnail hentry category-immigration\">\n\t\t\t\t<a class=\"elementor-post__thumbnail__link\" href=\"https:\/\/immigration-tocanada.com\/fr\/recours-en-matiere-de-parrainage-et-regroupement-familial-que-faire-lorsque-votre-demande-est-refusee\/\" tabindex=\"-1\" >\n\t\t\t<div class=\"elementor-post__thumbnail\"><img decoding=\"async\" width=\"1280\" height=\"814\" src=\"https:\/\/immigration-tocanada.com\/wp-content\/uploads\/2024\/07\/pexels-photo-1519088-1519088.jpg\" class=\"attachment-full size-full wp-image-2766\" alt=\"pexels-photo-1519088-1519088.jpg\" srcset=\"https:\/\/immigration-tocanada.com\/wp-content\/uploads\/2024\/07\/pexels-photo-1519088-1519088.jpg 1280w, https:\/\/immigration-tocanada.com\/wp-content\/uploads\/2024\/07\/pexels-photo-1519088-1519088-300x191.jpg 300w, https:\/\/immigration-tocanada.com\/wp-content\/uploads\/2024\/07\/pexels-photo-1519088-1519088-1024x651.jpg 1024w, https:\/\/immigration-tocanada.com\/wp-content\/uploads\/2024\/07\/pexels-photo-1519088-1519088-768x488.jpg 768w, https:\/\/immigration-tocanada.com\/wp-content\/uploads\/2024\/07\/pexels-photo-1519088-1519088-18x12.jpg 18w\" sizes=\"(max-width: 1280px) 100vw, 1280px\" \/><\/div>\n\t\t<\/a>\n\t\t\t\t<div class=\"elementor-post__text\">\n\t\t\t\t<h3 class=\"elementor-post__title\">\n\t\t\t<a href=\"https:\/\/immigration-tocanada.com\/fr\/recours-en-matiere-de-parrainage-et-regroupement-familial-que-faire-lorsque-votre-demande-est-refusee\/\" >\n\t\t\t\tAppels en mati\u00e8re de parrainage et regroupement familial : Que faire lorsque votre demande est refus\u00e9e ?\t\t\t<\/a>\n\t\t<\/h3>\n\t\t\t\t<\/div>\n\t\t\t\t<\/article>\n\t\t\t\t<article class=\"elementor-post elementor-grid-item post-3738 post type-post status-publish format-standard has-post-thumbnail hentry category-immigration\">\n\t\t\t\t<a class=\"elementor-post__thumbnail__link\" href=\"https:\/\/immigration-tocanada.com\/fr\/immigration-des-entrepreneurs-et-des-investisseurs-au-canada-construire-lavenir-par-lentreprise\/\" tabindex=\"-1\" >\n\t\t\t<div class=\"elementor-post__thumbnail\"><img fetchpriority=\"high\" decoding=\"async\" width=\"2500\" height=\"900\" src=\"https:\/\/immigration-tocanada.com\/wp-content\/uploads\/2024\/07\/11.png\" class=\"attachment-full size-full wp-image-2849\" alt=\"\" srcset=\"https:\/\/immigration-tocanada.com\/wp-content\/uploads\/2024\/07\/11.png 2500w, https:\/\/immigration-tocanada.com\/wp-content\/uploads\/2024\/07\/11-300x108.png 300w, https:\/\/immigration-tocanada.com\/wp-content\/uploads\/2024\/07\/11-1024x369.png 1024w, https:\/\/immigration-tocanada.com\/wp-content\/uploads\/2024\/07\/11-768x276.png 768w, https:\/\/immigration-tocanada.com\/wp-content\/uploads\/2024\/07\/11-1536x553.png 1536w, https:\/\/immigration-tocanada.com\/wp-content\/uploads\/2024\/07\/11-2048x737.png 2048w, https:\/\/immigration-tocanada.com\/wp-content\/uploads\/2024\/07\/11-18x6.png 18w\" sizes=\"(max-width: 2500px) 100vw, 2500px\" \/><\/div>\n\t\t<\/a>\n\t\t\t\t<div class=\"elementor-post__text\">\n\t\t\t\t<h3 class=\"elementor-post__title\">\n\t\t\t<a href=\"https:\/\/immigration-tocanada.com\/fr\/immigration-des-entrepreneurs-et-des-investisseurs-au-canada-construire-lavenir-par-lentreprise\/\" >\n\t\t\t\tImmigration des entrepreneurs et des investisseurs au Canada : Construire son avenir gr\u00e2ce \u00e0 l'entreprise\t\t\t<\/a>\n\t\t<\/h3>\n\t\t\t\t<\/div>\n\t\t\t\t<\/article>\n\t\t\t\t<article class=\"elementor-post elementor-grid-item post-3734 post type-post status-publish format-standard has-post-thumbnail hentry category-immigration\">\n\t\t\t\t<a class=\"elementor-post__thumbnail__link\" href=\"https:\/\/immigration-tocanada.com\/fr\/la-citoyennete-canadienne-un-guide-complet-du-pr-au-passeport\/\" tabindex=\"-1\" >\n\t\t\t<div class=\"elementor-post__thumbnail\"><img decoding=\"async\" width=\"500\" height=\"800\" src=\"https:\/\/immigration-tocanada.com\/wp-content\/uploads\/2024\/07\/P5.png\" class=\"attachment-full size-full wp-image-3031\" alt=\"\" srcset=\"https:\/\/immigration-tocanada.com\/wp-content\/uploads\/2024\/07\/P5.png 500w, https:\/\/immigration-tocanada.com\/wp-content\/uploads\/2024\/07\/P5-188x300.png 188w, https:\/\/immigration-tocanada.com\/wp-content\/uploads\/2024\/07\/P5-8x12.png 8w\" sizes=\"(max-width: 500px) 100vw, 500px\" \/><\/div>\n\t\t<\/a>\n\t\t\t\t<div class=\"elementor-post__text\">\n\t\t\t\t<h3 class=\"elementor-post__title\">\n\t\t\t<a href=\"https:\/\/immigration-tocanada.com\/fr\/la-citoyennete-canadienne-un-guide-complet-du-pr-au-passeport\/\" >\n\t\t\t\tCitoyennet\u00e9 canadienne : Un guide complet de la RP au passeport\t\t\t<\/a>\n\t\t<\/h3>\n\t\t\t\t<\/div>\n\t\t\t\t<\/article>\n\t\t\t\t<article class=\"elementor-post elementor-grid-item post-3731 post type-post status-publish format-standard has-post-thumbnail hentry category-immigration\">\n\t\t\t\t<a class=\"elementor-post__thumbnail__link\" href=\"https:\/\/immigration-tocanada.com\/fr\/naviguer-dans-le-systeme-canadien-des-visas-de-travail-opportunites-exigences-et-pieges\/\" tabindex=\"-1\" >\n\t\t\t<div class=\"elementor-post__thumbnail\"><img loading=\"lazy\" decoding=\"async\" width=\"2500\" height=\"900\" src=\"https:\/\/immigration-tocanada.com\/wp-content\/uploads\/2024\/07\/4.png\" class=\"attachment-full size-full wp-image-2842\" alt=\"\" srcset=\"https:\/\/immigration-tocanada.com\/wp-content\/uploads\/2024\/07\/4.png 2500w, https:\/\/immigration-tocanada.com\/wp-content\/uploads\/2024\/07\/4-300x108.png 300w, https:\/\/immigration-tocanada.com\/wp-content\/uploads\/2024\/07\/4-1024x369.png 1024w, https:\/\/immigration-tocanada.com\/wp-content\/uploads\/2024\/07\/4-768x276.png 768w, https:\/\/immigration-tocanada.com\/wp-content\/uploads\/2024\/07\/4-1536x553.png 1536w, https:\/\/immigration-tocanada.com\/wp-content\/uploads\/2024\/07\/4-2048x737.png 2048w, https:\/\/immigration-tocanada.com\/wp-content\/uploads\/2024\/07\/4-18x6.png 18w\" sizes=\"(max-width: 2500px) 100vw, 2500px\" \/><\/div>\n\t\t<\/a>\n\t\t\t\t<div class=\"elementor-post__text\">\n\t\t\t\t<h3 class=\"elementor-post__title\">\n\t\t\t<a href=\"https:\/\/immigration-tocanada.com\/fr\/naviguer-dans-le-systeme-canadien-des-visas-de-travail-opportunites-exigences-et-pieges\/\" >\n\t\t\t\tNaviguer dans le syst\u00e8me canadien des visas de travail : Opportunit\u00e9s, exigences et pi\u00e8ges\t\t\t<\/a>\n\t\t<\/h3>\n\t\t\t\t<\/div>\n\t\t\t\t<\/article>\n\t\t\t\t<\/div>\n\t\t\t\t\t<span class=\"e-load-more-spinner\">\n\t\t\t\t<svg aria-hidden=\"true\" class=\"e-font-icon-svg e-fas-spinner\" viewbox=\"0 0 512 512\" xmlns=\"http:\/\/www.w3.org\/2000\/svg\"><path d=\"M304 48c0 26.51-21.49 48-48 48s-48-21.49-48-48 21.49-48 48-48 48 21.49 48 48zm-48 368c-26.51 0-48 21.49-48 48s21.49 48 48 48 48-21.49 48-48-21.49-48-48-48zm208-208c-26.51 0-48 21.49-48 48s21.49 48 48 48 48-21.49 48-48-21.49-48-48-48zM96 256c0-26.51-21.49-48-48-48S0 229.49 0 256s21.49 48 48 48 48-21.49 48-48zm12.922 99.078c-26.51 0-48 21.49-48 48s21.49 48 48 48 48-21.49 48-48c0-26.509-21.491-48-48-48zm294.156 0c-26.51 0-48 21.49-48 48s21.49 48 48 48 48-21.49 48-48c0-26.509-21.49-48-48-48zM108.922 60.922c-26.51 0-48 21.49-48 48s21.49 48 48 48 48-21.49 48-48-21.491-48-48-48z\"><\/path><\/svg>\t\t\t<\/span>\n\t\t\n\t\t\t\t\t\t<\/div>\n\t\t\t\t<\/div>\n\t\t\t\t\t<\/div>\n\t\t\t\t<\/div>\n\t\t\t\t<\/div>\n\t\t<div style='text-align:center' class='yasr-auto-insert-overall'><\/div>","protected":false},"excerpt":{"rendered":"<p>Blog<\/p>","protected":false},"author":1,"featured_media":0,"parent":0,"menu_order":0,"comment_status":"closed","ping_status":"closed","template":"elementor_header_footer","meta":{"site-sidebar-layout":"no-sidebar","site-content-layout":"page-builder","ast-site-content-layout":"full-width-container","site-content-style":"default","site-sidebar-style":"default","ast-global-header-display":"","ast-banner-title-visibility":"","ast-main-header-display":"","ast-hfb-above-header-display":"","ast-hfb-below-header-display":"","ast-hfb-mobile-header-display":"","site-post-title":"disabled","ast-breadcrumbs-content":"","ast-featured-img":"disabled","footer-sml-layout":"","theme-transparent-header-meta":"","adv-header-id-meta":"","stick-header-meta":"","header-above-stick-meta":"","header-main-stick-meta":"","header-below-stick-meta":"","astra-migrate-meta-layouts":"set","ast-page-background-enabled":"default","ast-page-background-meta":{"desktop":{"background-color":"","background-image":"","background-repeat":"repeat","background-position":"center center","background-size":"auto","background-attachment":"scroll","background-type":"","background-media":"","overlay-type":"","overlay-color":"","overlay-opacity":"","overlay-gradient":""},"tablet":{"background-color":"","background-image":"","background-repeat":"repeat","background-position":"center center","background-size":"auto","background-attachment":"scroll","background-type":"","background-media":"","overlay-type":"","overlay-color":"","overlay-opacity":"","overlay-gradient":""},"mobile":{"background-color":"","background-image":"","background-repeat":"repeat","background-position":"center center","background-size":"auto","background-attachment":"scroll","background-type":"","background-media":"","overlay-type":"","overlay-color":"","overlay-opacity":"","overlay-gradient":""}},"ast-content-background-meta":{"desktop":{"background-color":"var(--ast-global-color-5)","background-image":"","background-repeat":"repeat","background-position":"center center","background-size":"auto","background-attachment":"scroll","background-type":"","background-media":"","overlay-type":"","overlay-color":"","overlay-opacity":"","overlay-gradient":""},"tablet":{"background-color":"var(--ast-global-color-5)","background-image":"","background-repeat":"repeat","background-position":"center center","background-size":"auto","background-attachment":"scroll","background-type":"","background-media":"","overlay-type":"","overlay-color":"","overlay-opacity":"","overlay-gradient":""},"mobile":{"background-color":"var(--ast-global-color-5)","background-image":"","background-repeat":"repeat","background-position":"center center","background-size":"auto","background-attachment":"scroll","background-type":"","background-media":"","overlay-type":"","overlay-color":"","overlay-opacity":"","overlay-gradient":""}},"yasr_overall_rating":0,"yasr_post_is_review":"","yasr_auto_insert_disabled":"","yasr_review_type":"","footnotes":""},"class_list":["post-3750","page","type-page","status-publish","hentry"],"yoast_head":"<!-- This site is optimized with the Yoast SEO plugin v26.2 - https:\/\/yoast.com\/wordpress\/plugins\/seo\/ -->\n<title>Blog - Canadian Immigration Consultants<\/title>\n<meta name=\"description\" content=\"Blog\" \/>\n<meta name=\"robots\" content=\"index, follow, max-snippet:-1, max-image-preview:large, max-video-preview:-1\" \/>\n<link rel=\"canonical\" href=\"https:\/\/immigration-tocanada.com\/fr\/blog\/\" \/>\n<meta property=\"og:locale\" content=\"fr_FR\" \/>\n<meta property=\"og:type\" content=\"article\" \/>\n<meta property=\"og:title\" content=\"Blog - Canadian Immigration Consultants\" \/>\n<meta property=\"og:description\" content=\"Blog\" \/>\n<meta property=\"og:url\" content=\"https:\/\/immigration-tocanada.com\/fr\/blog\/\" \/>\n<meta property=\"og:site_name\" content=\"Canadian Immigration Consultants\" \/>\n<meta property=\"article:modified_time\" content=\"2025-06-18T18:37:17+00:00\" \/>\n<meta property=\"og:image\" content=\"https:\/\/immigration-tocanada.com\/wp-content\/uploads\/2024\/06\/CANADIAN_trans_align.png\" \/>\n\t<meta property=\"og:image:width\" content=\"220\" \/>\n\t<meta property=\"og:image:height\" content=\"96\" \/>\n\t<meta property=\"og:image:type\" content=\"image\/png\" \/>\n<meta name=\"twitter:card\" content=\"summary_large_image\" \/>\n<script type=\"application\/ld+json\" class=\"yoast-schema-graph\">{\"@context\":\"https:\/\/schema.org\",\"@graph\":[{\"@type\":\"WebPage\",\"@id\":\"https:\/\/immigration-tocanada.com\/blog\/\",\"url\":\"https:\/\/immigration-tocanada.com\/blog\/\",\"name\":\"Blog - Canadian Immigration Consultants\",\"isPartOf\":{\"@id\":\"https:\/\/immigration-tocanada.com\/#website\"},\"datePublished\":\"2025-06-18T18:33:18+00:00\",\"dateModified\":\"2025-06-18T18:37:17+00:00\",\"description\":\"Blog\",\"breadcrumb\":{\"@id\":\"https:\/\/immigration-tocanada.com\/blog\/#breadcrumb\"},\"inLanguage\":\"fr-FR\",\"potentialAction\":[{\"@type\":\"ReadAction\",\"target\":[\"https:\/\/immigration-tocanada.com\/blog\/\"]}]},{\"@type\":\"BreadcrumbList\",\"@id\":\"https:\/\/immigration-tocanada.com\/blog\/#breadcrumb\",\"itemListElement\":[{\"@type\":\"ListItem\",\"position\":1,\"name\":\"Home\",\"item\":\"https:\/\/immigration-tocanada.com\/\"},{\"@type\":\"ListItem\",\"position\":2,\"name\":\"Blog\"}]},{\"@type\":\"WebSite\",\"@id\":\"https:\/\/immigration-tocanada.com\/#website\",\"url\":\"https:\/\/immigration-tocanada.com\/\",\"name\":\"The Canadian Immigration Council\",\"description\":\"Immigration to Canada, Canadian citizenship consultant\",\"publisher\":{\"@id\":\"https:\/\/immigration-tocanada.com\/#organization\"},\"alternateName\":\"Immigrate to Canada \/ Qu\u00e9bec\",\"potentialAction\":[{\"@type\":\"SearchAction\",\"target\":{\"@type\":\"EntryPoint\",\"urlTemplate\":\"https:\/\/immigration-tocanada.com\/?s={search_term_string}\"},\"query-input\":{\"@type\":\"PropertyValueSpecification\",\"valueRequired\":true,\"valueName\":\"search_term_string\"}}],\"inLanguage\":\"fr-FR\"},{\"@type\":\"Organization\",\"@id\":\"https:\/\/immigration-tocanada.com\/#organization\",\"name\":\"The Canadian Immigration Council\",\"alternateName\":\"Immigrate to Canada\/Quebec\",\"url\":\"https:\/\/immigration-tocanada.com\/\",\"logo\":{\"@type\":\"ImageObject\",\"inLanguage\":\"fr-FR\",\"@id\":\"https:\/\/immigration-tocanada.com\/#\/schema\/logo\/image\/\",\"url\":\"https:\/\/immigration-tocanada.com\/wp-content\/uploads\/2024\/06\/CANADIAN_trans_align.png\",\"contentUrl\":\"https:\/\/immigration-tocanada.com\/wp-content\/uploads\/2024\/06\/CANADIAN_trans_align.png\",\"width\":220,\"height\":96,\"caption\":\"The Canadian Immigration Council\"},\"image\":{\"@id\":\"https:\/\/immigration-tocanada.com\/#\/schema\/logo\/image\/\"}},false]}<\/script>\n<!-- \/ Yoast SEO plugin. -->","yoast_head_json":{"title":"Blog - Canadian Immigration Consultants","description":"Blog","robots":{"index":"index","follow":"follow","max-snippet":"max-snippet:-1","max-image-preview":"max-image-preview:large","max-video-preview":"max-video-preview:-1"},"canonical":"https:\/\/immigration-tocanada.com\/fr\/blog\/","og_locale":"fr_FR","og_type":"article","og_title":"Blog - Canadian Immigration Consultants","og_description":"Blog","og_url":"https:\/\/immigration-tocanada.com\/fr\/blog\/","og_site_name":"Canadian Immigration Consultants","article_modified_time":"2025-06-18T18:37:17+00:00","og_image":[{"width":220,"height":96,"url":"https:\/\/immigration-tocanada.com\/wp-content\/uploads\/2024\/06\/CANADIAN_trans_align.png","type":"image\/png"}],"twitter_card":"summary_large_image","schema":{"@context":"https:\/\/schema.org","@graph":[{"@type":"WebPage","@id":"https:\/\/immigration-tocanada.com\/blog\/","url":"https:\/\/immigration-tocanada.com\/blog\/","name":"Blog - Canadian Immigration Consultants","isPartOf":{"@id":"https:\/\/immigration-tocanada.com\/#website"},"datePublished":"2025-06-18T18:33:18+00:00","dateModified":"2025-06-18T18:37:17+00:00","description":"Blog","breadcrumb":{"@id":"https:\/\/immigration-tocanada.com\/blog\/#breadcrumb"},"inLanguage":"fr-FR","potentialAction":[{"@type":"ReadAction","target":["https:\/\/immigration-tocanada.com\/blog\/"]}]},{"@type":"BreadcrumbList","@id":"https:\/\/immigration-tocanada.com\/blog\/#breadcrumb","itemListElement":[{"@type":"ListItem","position":1,"name":"Home","item":"https:\/\/immigration-tocanada.com\/"},{"@type":"ListItem","position":2,"name":"Blog"}]},{"@type":"WebSite","@id":"https:\/\/immigration-tocanada.com\/#website","url":"https:\/\/immigration-tocanada.com\/","name":"Le Conseil canadien de l'immigration","description":"Immigration au Canada, consultant en citoyennet\u00e9 canadienne","publisher":{"@id":"https:\/\/immigration-tocanada.com\/#organization"},"alternateName":"Immigrate to Canada \/ Qu\u00e9bec","potentialAction":[{"@type":"SearchAction","target":{"@type":"EntryPoint","urlTemplate":"https:\/\/immigration-tocanada.com\/?s={search_term_string}"},"query-input":{"@type":"PropertyValueSpecification","valueRequired":true,"valueName":"search_term_string"}}],"inLanguage":"fr-FR"},{"@type":"Organization","@id":"https:\/\/immigration-tocanada.com\/#organization","name":"Le Conseil canadien de l'immigration","alternateName":"Immigrate to Canada\/Quebec","url":"https:\/\/immigration-tocanada.com\/","logo":{"@type":"ImageObject","inLanguage":"fr-FR","@id":"https:\/\/immigration-tocanada.com\/#\/schema\/logo\/image\/","url":"https:\/\/immigration-tocanada.com\/wp-content\/uploads\/2024\/06\/CANADIAN_trans_align.png","contentUrl":"https:\/\/immigration-tocanada.com\/wp-content\/uploads\/2024\/06\/CANADIAN_trans_align.png","width":220,"height":96,"caption":"The Canadian Immigration Council"},"image":{"@id":"https:\/\/immigration-tocanada.com\/#\/schema\/logo\/image\/"}},false]}},"yasr_visitor_votes":{"stars_attributes":{"read_only":true,"span_bottom":"<div class='yasr-small-block-bold'><span class='yasr-visitor-votes-must-sign-in'>You must sign in to vote<\/span><\/div>"},"number_of_votes":0,"sum_votes":0},"_links":{"self":[{"href":"https:\/\/immigration-tocanada.com\/fr\/wp-json\/wp\/v2\/pages\/3750","targetHints":{"allow":["GET"]}}],"collection":[{"href":"https:\/\/immigration-tocanada.com\/fr\/wp-json\/wp\/v2\/pages"}],"about":[{"href":"https:\/\/immigration-tocanada.com\/fr\/wp-json\/wp\/v2\/types\/page"}],"author":[{"embeddable":true,"href":"https:\/\/immigration-tocanada.com\/fr\/wp-json\/wp\/v2\/users\/1"}],"replies":[{"embeddable":true,"href":"https:\/\/immigration-tocanada.com\/fr\/wp-json\/wp\/v2\/comments?post=3750"}],"version-history":[{"count":4,"href":"https:\/\/immigration-tocanada.com\/fr\/wp-json\/wp\/v2\/pages\/3750\/revisions"}],"predecessor-version":[{"id":3754,"href":"https:\/\/immigration-tocanada.com\/fr\/wp-json\/wp\/v2\/pages\/3750\/revisions\/3754"}],"wp:attachment":[{"href":"https:\/\/immigration-tocanada.com\/fr\/wp-json\/wp\/v2\/media?parent=3750"}],"curies":[{"name":"wp","href":"https:\/\/api.w.org\/{rel}","templated":true}]}}