{"id":3151,"date":"2024-07-23T03:05:49","date_gmt":"2024-07-23T03:05:49","guid":{"rendered":"https:\/\/immigration-tocanada.com\/?page_id=3151"},"modified":"2025-06-13T12:07:01","modified_gmt":"2025-06-13T12:07:01","slug":"politique_de_vie-privee","status":"publish","type":"page","link":"https:\/\/immigration-tocanada.com\/fr\/politique_de_vie-privee\/","title":{"rendered":"Politique de Confidentialit\u00e9"},"content":{"rendered":"<div data-elementor-type=\"wp-page\" data-elementor-id=\"3151\" class=\"elementor elementor-3151\" data-elementor-post-type=\"page\">\n\t\t\t\t<div class=\"elementor-element elementor-element-8d47204 e-flex e-con-boxed e-con e-parent\" data-id=\"8d47204\" data-element_type=\"container\" data-settings=\"{&quot;background_background&quot;:&quot;classic&quot;}\">\n\t\t\t\t\t<div class=\"e-con-inner\">\n\t\t<div class=\"elementor-element elementor-element-034a0db e-con-full e-flex e-con e-child\" data-id=\"034a0db\" data-element_type=\"container\">\n\t\t\t\t<div class=\"elementor-element elementor-element-5f947da elementor-widget elementor-widget-heading\" data-id=\"5f947da\" data-element_type=\"widget\" data-widget_type=\"heading.default\">\n\t\t\t\t<div class=\"elementor-widget-container\">\n\t\t\t\t\t<h1 class=\"elementor-heading-title elementor-size-default\">Politique de Confidentialit\u00e9<\/h1>\t\t\t\t<\/div>\n\t\t\t\t<\/div>\n\t\t\t\t<\/div>\n\t\t\t\t\t<\/div>\n\t\t\t\t<\/div>\n\t\t<div class=\"elementor-element elementor-element-5e53508 english-content e-flex e-con-boxed e-con e-parent\" data-id=\"5e53508\" data-element_type=\"container\" data-settings=\"{&quot;background_background&quot;:&quot;classic&quot;}\">\n\t\t\t\t\t<div class=\"e-con-inner\">\n\t\t<div class=\"elementor-element elementor-element-221bc8cf e-flex e-con-boxed e-con e-child\" data-id=\"221bc8cf\" data-element_type=\"container\" data-settings=\"{&quot;background_background&quot;:&quot;classic&quot;}\">\n\t\t\t\t\t<div class=\"e-con-inner\">\n\t\t\t\t<div class=\"elementor-element elementor-element-2341b021 elementor-widget elementor-widget-text-editor\" data-id=\"2341b021\" data-element_type=\"widget\" data-widget_type=\"text-editor.default\">\n\t\t\t\t<div class=\"elementor-widget-container\">\n\t\t\t\t\t\t\t\t\t<h5><strong>La protection de votre vie priv\u00e9e est importante pour nous<\/strong><\/h5><p class=\"justify\">Internet a r\u00e9volutionn\u00e9 notre fa\u00e7on de faire des affaires. En m\u00eame temps, il suscite des inqui\u00e9tudes l\u00e9gitimes en mati\u00e8re de confidentialit\u00e9 et de s\u00e9curit\u00e9. Notre entreprise utilise le moyen de paiement en ligne le plus s\u00e9curis\u00e9 (SSL). Le Conseil canadien de l&#039;immigration traite les transactions par carte de cr\u00e9dit par l&#039;interm\u00e9diaire de PayPal, une soci\u00e9t\u00e9 de traitement des paiements \u00e9lectroniques.<\/p><p class=\"justify\">Le Conseil canadien de l&#039;immigration s&#039;engage \u00e0 prot\u00e9ger votre vie priv\u00e9e et \u00e0 prot\u00e9ger vos informations personnelles et commerciales. Quelle que soit la mani\u00e8re dont vous choisissez de nous fournir des informations, nous et notre fournisseur d&#039;h\u00e9bergement Web essayons de mettre en \u0153uvre des mesures de protection pour garantir la protection de vos informations personnelles. Nous ne vendrons ni ne distribuerons jamais vos informations personnelles \u00e0 des tiers.<\/p><p class=\"justify\">Nous nous engageons \u00e0 garantir que votre exp\u00e9rience avec nous est prot\u00e9g\u00e9e et nous informerons toutes les autorit\u00e9s l\u00e9gales de toute transaction non autoris\u00e9e ou frauduleuse.<br \/><br \/><\/p><h5><strong>Quelles informations collectons-nous ?<\/strong><\/h5><p class=\"justify\">Nous vous demanderons de fournir des informations personnelles identifiables lorsque nous vous fournirons des services payants. Si vous choisissez de ne pas nous fournir ces informations, vous ne pourrez peut-\u00eatre pas vous fournir nos services. Nous n&#039;utilisons pas de cookies et ne suivons en aucune fa\u00e7on vos d\u00e9placements sur Internet.<br \/><br \/><\/p><h5><strong>Comment les informations sont utilis\u00e9es<\/strong><\/h5><p>Nous utilisons les informations que vous fournissez :<\/p><ul type=\"disc\"><li>pour finaliser votre achat<\/li><li>pour rendre les services que vous avez demand\u00e9s<\/li><li>pour vous envoyer du mat\u00e9riel susceptible de vous int\u00e9resser par courrier \u00e9lectronique<\/li><\/ul>\t\t\t\t\t\t\t\t<\/div>\n\t\t\t\t<\/div>\n\t\t\t\t\t<\/div>\n\t\t\t\t<\/div>\n\t\t\t\t\t<\/div>\n\t\t\t\t<\/div>\n\t\t\t\t<\/div>\n\t\t<div style='text-align:center' class='yasr-auto-insert-overall'><\/div>","protected":false},"excerpt":{"rendered":"<p>Politique de confidentialit\u00e9 La protection de votre vie priv\u00e9e est importante pour nous L'internet a r\u00e9volutionn\u00e9 notre fa\u00e7on de travailler. Dans le m\u00eame temps, il suscite des inqui\u00e9tudes l\u00e9gitimes quant \u00e0 la protection de la vie priv\u00e9e et \u00e0 la s\u00e9curit\u00e9. Notre soci\u00e9t\u00e9 utilise le mode de paiement en ligne le plus s\u00fbr (SSL). Le Conseil canadien de l'immigration traite les transactions par carte de cr\u00e9dit par l'interm\u00e9diaire de PayPal, un syst\u00e8me de paiement \u00e9lectronique [...]<\/p>","protected":false},"author":1,"featured_media":0,"parent":0,"menu_order":0,"comment_status":"closed","ping_status":"closed","template":"","meta":{"site-sidebar-layout":"no-sidebar","site-content-layout":"page-builder","ast-site-content-layout":"full-width-container","site-content-style":"unboxed","site-sidebar-style":"unboxed","ast-global-header-display":"","ast-banner-title-visibility":"","ast-main-header-display":"","ast-hfb-above-header-display":"","ast-hfb-below-header-display":"","ast-hfb-mobile-header-display":"","site-post-title":"disabled","ast-breadcrumbs-content":"disabled","ast-featured-img":"disabled","footer-sml-layout":"","theme-transparent-header-meta":"enabled","adv-header-id-meta":"","stick-header-meta":"","header-above-stick-meta":"","header-main-stick-meta":"","header-below-stick-meta":"","astra-migrate-meta-layouts":"set","ast-page-background-enabled":"default","ast-page-background-meta":{"desktop":{"background-color":"","background-image":"","background-repeat":"repeat","background-position":"center center","background-size":"auto","background-attachment":"scroll","background-type":"","background-media":"","overlay-type":"","overlay-color":"","overlay-opacity":"","overlay-gradient":""},"tablet":{"background-color":"","background-image":"","background-repeat":"repeat","background-position":"center center","background-size":"auto","background-attachment":"scroll","background-type":"","background-media":"","overlay-type":"","overlay-color":"","overlay-opacity":"","overlay-gradient":""},"mobile":{"background-color":"","background-image":"","background-repeat":"repeat","background-position":"center center","background-size":"auto","background-attachment":"scroll","background-type":"","background-media":"","overlay-type":"","overlay-color":"","overlay-opacity":"","overlay-gradient":""}},"ast-content-background-meta":{"desktop":{"background-color":"var(--ast-global-color-5)","background-image":"","background-repeat":"repeat","background-position":"center center","background-size":"auto","background-attachment":"scroll","background-type":"","background-media":"","overlay-type":"","overlay-color":"","overlay-opacity":"","overlay-gradient":""},"tablet":{"background-color":"var(--ast-global-color-5)","background-image":"","background-repeat":"repeat","background-position":"center center","background-size":"auto","background-attachment":"scroll","background-type":"","background-media":"","overlay-type":"","overlay-color":"","overlay-opacity":"","overlay-gradient":""},"mobile":{"background-color":"var(--ast-global-color-5)","background-image":"","background-repeat":"repeat","background-position":"center center","background-size":"auto","background-attachment":"scroll","background-type":"","background-media":"","overlay-type":"","overlay-color":"","overlay-opacity":"","overlay-gradient":""}},"yasr_overall_rating":0,"yasr_post_is_review":"","yasr_auto_insert_disabled":"","yasr_review_type":"","footnotes":""},"class_list":["post-3151","page","type-page","status-publish","hentry"],"yoast_head":"<!-- This site is optimized with the Yoast SEO plugin v26.2 - https:\/\/yoast.com\/wordpress\/plugins\/seo\/ -->\n<title>Privacy Policy - Canadian Immigration Consultants<\/title>\n<meta name=\"description\" content=\"Privacy Policy Protecting your privacy is important to usThe Internet has revolutionized the way we all do business. At the same time, it also brings\" \/>\n<meta name=\"robots\" content=\"index, follow, max-snippet:-1, max-image-preview:large, max-video-preview:-1\" \/>\n<link rel=\"canonical\" href=\"https:\/\/immigration-tocanada.com\/fr\/politique_de_vie-privee\/\" \/>\n<meta property=\"og:locale\" content=\"fr_FR\" \/>\n<meta property=\"og:type\" content=\"article\" \/>\n<meta property=\"og:title\" content=\"Privacy Policy - Canadian Immigration Consultants\" \/>\n<meta property=\"og:description\" content=\"Privacy Policy Protecting your privacy is important to usThe Internet has revolutionized the way we all do business. At the same time, it also brings\" \/>\n<meta property=\"og:url\" content=\"https:\/\/immigration-tocanada.com\/fr\/politique_de_vie-privee\/\" \/>\n<meta property=\"og:site_name\" content=\"Canadian Immigration Consultants\" \/>\n<meta property=\"article:modified_time\" content=\"2025-06-13T12:07:01+00:00\" \/>\n<meta property=\"og:image\" content=\"https:\/\/immigration-tocanada.com\/wp-content\/uploads\/2024\/06\/CANADIAN_trans_align.png\" \/>\n\t<meta property=\"og:image:width\" content=\"220\" \/>\n\t<meta property=\"og:image:height\" content=\"96\" \/>\n\t<meta property=\"og:image:type\" content=\"image\/png\" \/>\n<meta name=\"twitter:card\" content=\"summary_large_image\" \/>\n<meta name=\"twitter:label1\" content=\"Dur\u00e9e de lecture estim\u00e9e\" \/>\n\t<meta name=\"twitter:data1\" content=\"5 minutes\" \/>\n<script type=\"application\/ld+json\" class=\"yoast-schema-graph\">{\"@context\":\"https:\/\/schema.org\",\"@graph\":[{\"@type\":\"WebPage\",\"@id\":\"https:\/\/immigration-tocanada.com\/fr\/politique_de_vie-privee\/\",\"url\":\"https:\/\/immigration-tocanada.com\/fr\/politique_de_vie-privee\/\",\"name\":\"Privacy Policy - Canadian Immigration Consultants\",\"isPartOf\":{\"@id\":\"https:\/\/immigration-tocanada.com\/#website\"},\"datePublished\":\"2024-07-23T03:05:49+00:00\",\"dateModified\":\"2025-06-13T12:07:01+00:00\",\"description\":\"Privacy Policy Protecting your privacy is important to usThe Internet has revolutionized the way we all do business. At the same time, it also brings\",\"breadcrumb\":{\"@id\":\"https:\/\/immigration-tocanada.com\/fr\/politique_de_vie-privee\/#breadcrumb\"},\"inLanguage\":\"fr-FR\",\"potentialAction\":[{\"@type\":\"ReadAction\",\"target\":[\"https:\/\/immigration-tocanada.com\/fr\/politique_de_vie-privee\/\"]}]},{\"@type\":\"BreadcrumbList\",\"@id\":\"https:\/\/immigration-tocanada.com\/fr\/politique_de_vie-privee\/#breadcrumb\",\"itemListElement\":[{\"@type\":\"ListItem\",\"position\":1,\"name\":\"Home\",\"item\":\"https:\/\/immigration-tocanada.com\/\"},{\"@type\":\"ListItem\",\"position\":2,\"name\":\"Privacy Policy\"}]},{\"@type\":\"WebSite\",\"@id\":\"https:\/\/immigration-tocanada.com\/#website\",\"url\":\"https:\/\/immigration-tocanada.com\/\",\"name\":\"The Canadian Immigration Council\",\"description\":\"Immigration to Canada, Canadian citizenship consultant\",\"publisher\":{\"@id\":\"https:\/\/immigration-tocanada.com\/#organization\"},\"alternateName\":\"Immigrate to Canada \/ Qu\u00e9bec\",\"potentialAction\":[{\"@type\":\"SearchAction\",\"target\":{\"@type\":\"EntryPoint\",\"urlTemplate\":\"https:\/\/immigration-tocanada.com\/?s={search_term_string}\"},\"query-input\":{\"@type\":\"PropertyValueSpecification\",\"valueRequired\":true,\"valueName\":\"search_term_string\"}}],\"inLanguage\":\"fr-FR\"},{\"@type\":\"Organization\",\"@id\":\"https:\/\/immigration-tocanada.com\/#organization\",\"name\":\"The Canadian Immigration Council\",\"alternateName\":\"Immigrate to Canada\/Quebec\",\"url\":\"https:\/\/immigration-tocanada.com\/\",\"logo\":{\"@type\":\"ImageObject\",\"inLanguage\":\"fr-FR\",\"@id\":\"https:\/\/immigration-tocanada.com\/#\/schema\/logo\/image\/\",\"url\":\"https:\/\/immigration-tocanada.com\/wp-content\/uploads\/2024\/06\/CANADIAN_trans_align.png\",\"contentUrl\":\"https:\/\/immigration-tocanada.com\/wp-content\/uploads\/2024\/06\/CANADIAN_trans_align.png\",\"width\":220,\"height\":96,\"caption\":\"The Canadian Immigration Council\"},\"image\":{\"@id\":\"https:\/\/immigration-tocanada.com\/#\/schema\/logo\/image\/\"}},false]}<\/script>\n<!-- \/ Yoast SEO plugin. -->","yoast_head_json":{"title":"Politique de confidentialit\u00e9 - Consultants canadiens en immigration","description":"Politique de confidentialit\u00e9 La protection de votre vie priv\u00e9e est importante pour nousL'internet a r\u00e9volutionn\u00e9 la fa\u00e7on dont nous faisons des affaires. Dans le m\u00eame temps, il apporte \u00e9galement","robots":{"index":"index","follow":"follow","max-snippet":"max-snippet:-1","max-image-preview":"max-image-preview:large","max-video-preview":"max-video-preview:-1"},"canonical":"https:\/\/immigration-tocanada.com\/fr\/politique_de_vie-privee\/","og_locale":"fr_FR","og_type":"article","og_title":"Privacy Policy - Canadian Immigration Consultants","og_description":"Privacy Policy Protecting your privacy is important to usThe Internet has revolutionized the way we all do business. At the same time, it also brings","og_url":"https:\/\/immigration-tocanada.com\/fr\/politique_de_vie-privee\/","og_site_name":"Canadian Immigration Consultants","article_modified_time":"2025-06-13T12:07:01+00:00","og_image":[{"width":220,"height":96,"url":"https:\/\/immigration-tocanada.com\/wp-content\/uploads\/2024\/06\/CANADIAN_trans_align.png","type":"image\/png"}],"twitter_card":"summary_large_image","twitter_misc":{"Dur\u00e9e de lecture estim\u00e9e":"5 minutes"},"schema":{"@context":"https:\/\/schema.org","@graph":[{"@type":"WebPage","@id":"https:\/\/immigration-tocanada.com\/fr\/politique_de_vie-privee\/","url":"https:\/\/immigration-tocanada.com\/fr\/politique_de_vie-privee\/","name":"Politique de confidentialit\u00e9 - Consultants canadiens en immigration","isPartOf":{"@id":"https:\/\/immigration-tocanada.com\/#website"},"datePublished":"2024-07-23T03:05:49+00:00","dateModified":"2025-06-13T12:07:01+00:00","description":"Politique de confidentialit\u00e9 La protection de votre vie priv\u00e9e est importante pour nousL'internet a r\u00e9volutionn\u00e9 la fa\u00e7on dont nous faisons des affaires. Dans le m\u00eame temps, il apporte \u00e9galement","breadcrumb":{"@id":"https:\/\/immigration-tocanada.com\/fr\/politique_de_vie-privee\/#breadcrumb"},"inLanguage":"fr-FR","potentialAction":[{"@type":"ReadAction","target":["https:\/\/immigration-tocanada.com\/fr\/politique_de_vie-privee\/"]}]},{"@type":"BreadcrumbList","@id":"https:\/\/immigration-tocanada.com\/fr\/politique_de_vie-privee\/#breadcrumb","itemListElement":[{"@type":"ListItem","position":1,"name":"Home","item":"https:\/\/immigration-tocanada.com\/"},{"@type":"ListItem","position":2,"name":"Privacy Policy"}]},{"@type":"WebSite","@id":"https:\/\/immigration-tocanada.com\/#website","url":"https:\/\/immigration-tocanada.com\/","name":"Le Conseil canadien de l'immigration","description":"Immigration au Canada, consultant en citoyennet\u00e9 canadienne","publisher":{"@id":"https:\/\/immigration-tocanada.com\/#organization"},"alternateName":"Immigrate to Canada \/ Qu\u00e9bec","potentialAction":[{"@type":"SearchAction","target":{"@type":"EntryPoint","urlTemplate":"https:\/\/immigration-tocanada.com\/?s={search_term_string}"},"query-input":{"@type":"PropertyValueSpecification","valueRequired":true,"valueName":"search_term_string"}}],"inLanguage":"fr-FR"},{"@type":"Organization","@id":"https:\/\/immigration-tocanada.com\/#organization","name":"Le Conseil canadien de l'immigration","alternateName":"Immigrate to Canada\/Quebec","url":"https:\/\/immigration-tocanada.com\/","logo":{"@type":"ImageObject","inLanguage":"fr-FR","@id":"https:\/\/immigration-tocanada.com\/#\/schema\/logo\/image\/","url":"https:\/\/immigration-tocanada.com\/wp-content\/uploads\/2024\/06\/CANADIAN_trans_align.png","contentUrl":"https:\/\/immigration-tocanada.com\/wp-content\/uploads\/2024\/06\/CANADIAN_trans_align.png","width":220,"height":96,"caption":"The Canadian Immigration Council"},"image":{"@id":"https:\/\/immigration-tocanada.com\/#\/schema\/logo\/image\/"}},false]}},"yasr_visitor_votes":{"stars_attributes":{"read_only":true,"span_bottom":"<div class='yasr-small-block-bold'><span class='yasr-visitor-votes-must-sign-in'>You must sign in to vote<\/span><\/div>"},"number_of_votes":0,"sum_votes":0},"_links":{"self":[{"href":"https:\/\/immigration-tocanada.com\/fr\/wp-json\/wp\/v2\/pages\/3151","targetHints":{"allow":["GET"]}}],"collection":[{"href":"https:\/\/immigration-tocanada.com\/fr\/wp-json\/wp\/v2\/pages"}],"about":[{"href":"https:\/\/immigration-tocanada.com\/fr\/wp-json\/wp\/v2\/types\/page"}],"author":[{"embeddable":true,"href":"https:\/\/immigration-tocanada.com\/fr\/wp-json\/wp\/v2\/users\/1"}],"replies":[{"embeddable":true,"href":"https:\/\/immigration-tocanada.com\/fr\/wp-json\/wp\/v2\/comments?post=3151"}],"version-history":[{"count":3,"href":"https:\/\/immigration-tocanada.com\/fr\/wp-json\/wp\/v2\/pages\/3151\/revisions"}],"predecessor-version":[{"id":3552,"href":"https:\/\/immigration-tocanada.com\/fr\/wp-json\/wp\/v2\/pages\/3151\/revisions\/3552"}],"wp:attachment":[{"href":"https:\/\/immigration-tocanada.com\/fr\/wp-json\/wp\/v2\/media?parent=3151"}],"curies":[{"name":"wp","href":"https:\/\/api.w.org\/{rel}","templated":true}]}}