{"id":3147,"date":"2024-07-23T02:50:19","date_gmt":"2024-07-23T02:50:19","guid":{"rendered":"https:\/\/immigration-tocanada.com\/?page_id=3147"},"modified":"2025-06-13T12:20:24","modified_gmt":"2025-06-13T12:20:24","slug":"conditions-dutilisation","status":"publish","type":"page","link":"https:\/\/immigration-tocanada.com\/fr\/conditions-dutilisation\/","title":{"rendered":"Conditions d'utilisation"},"content":{"rendered":"<div data-elementor-type=\"wp-page\" data-elementor-id=\"3147\" class=\"elementor elementor-3147\" data-elementor-post-type=\"page\">\n\t\t\t\t<div class=\"elementor-element elementor-element-54fd6176 e-flex e-con-boxed e-con e-parent\" data-id=\"54fd6176\" data-element_type=\"container\" data-settings=\"{&quot;background_background&quot;:&quot;classic&quot;}\">\n\t\t\t\t\t<div class=\"e-con-inner\">\n\t\t<div class=\"elementor-element elementor-element-cc4e4ec e-con-full e-flex e-con e-child\" data-id=\"cc4e4ec\" data-element_type=\"container\">\n\t\t\t\t<div class=\"elementor-element elementor-element-587df93e elementor-widget elementor-widget-heading\" data-id=\"587df93e\" data-element_type=\"widget\" data-widget_type=\"heading.default\">\n\t\t\t\t<div class=\"elementor-widget-container\">\n\t\t\t\t\t<h1 class=\"elementor-heading-title elementor-size-default\">Conditions d'utilisation<\/h1>\t\t\t\t<\/div>\n\t\t\t\t<\/div>\n\t\t\t\t<\/div>\n\t\t\t\t\t<\/div>\n\t\t\t\t<\/div>\n\t\t<div class=\"elementor-element elementor-element-72069fe9 e-con-full english-content e-flex e-con e-parent\" data-id=\"72069fe9\" data-element_type=\"container\" data-settings=\"{&quot;background_background&quot;:&quot;classic&quot;}\">\n\t\t\t\t<div class=\"elementor-element elementor-element-4384356 elementor-widget elementor-widget-text-editor\" data-id=\"4384356\" data-element_type=\"widget\" data-widget_type=\"text-editor.default\">\n\t\t\t\t<div class=\"elementor-widget-container\">\n\t\t\t\t\t\t\t\t\t<p class=\"justify\" align=\"left\">Si vous acc\u00e9dez \u00e0 ce site Web (le \u00ab Site \u00bb) et l&#039;utilisez, vous acceptez d&#039;\u00eatre li\u00e9 par ces conditions (les \u00ab Conditions \u00bb) et de vous y conformer. Si vous n&#039;acceptez pas les Conditions, n&#039;utilisez pas le Site et quittez-le imm\u00e9diatement.<\/p><h4><strong>G\u00e9n\u00e9ral<\/strong><\/h4><p class=\"justify\">Les pr\u00e9sentes Conditions doivent \u00eatre lues conjointement avec tous les termes, conditions ou clauses de non-responsabilit\u00e9 fournis dans les autres pages du Site.<\/p><p class=\"justify\">Tous les produits et services du Conseil canadien de l\u2019immigration qui sont d\u00e9crits, rendus disponibles ou fournis sur le Site peuvent \u00eatre modifi\u00e9s ou retir\u00e9s \u00e0 tout moment sans pr\u00e9avis et sont soumis aux modalit\u00e9s et conditions des accords applicables r\u00e9gissant leur utilisation.<\/p><p class=\"justify\">Les informations, le mat\u00e9riel et le contenu fournis dans les pages du Site, y compris les informations sur les prix, sont consid\u00e9r\u00e9s comme fiables au moment de leur publication, mais il n&#039;existe aucune garantie qu&#039;ils soient exacts, complets ou \u00e0 jour \u00e0 tout moment. Sans restreindre la g\u00e9n\u00e9ralit\u00e9 de ce qui pr\u00e9c\u00e8de, les informations peuvent contenir des inexactitudes techniques ou des erreurs typographiques, et le Conseil canadien de l&#039;immigration n&#039;a aucune obligation de mettre \u00e0 jour les informations. Les informations ou le Site peuvent \u00eatre modifi\u00e9s, retir\u00e9s ou r\u00e9sili\u00e9s \u00e0 tout moment sans pr\u00e9avis.<\/p><h4><strong>Aucune garantie<\/strong><\/h4><p class=\"justify\">Le Conseil canadien de l&#039;immigration fournit le Site et les Informations \u00ab tels quels, o\u00f9 qu&#039;ils se trouvent \u00bb et ne fait aucune garantie, repr\u00e9sentation, approbation ou condition expresse ou implicite concernant le Site ou les Informations, y compris, sans limitation, les garanties de qualit\u00e9 marchande, de fonctionnement, de non-contrefa\u00e7on, d&#039;utilit\u00e9, d&#039;exhaustivit\u00e9, d&#039;exactitude, de fiabilit\u00e9 et d&#039;ad\u00e9quation \u00e0 un usage particulier. De plus, le Conseil canadien de l&#039;immigration ne d\u00e9clare ni ne garantit que le Site sera disponible et r\u00e9pondra \u00e0 vos besoins, que l&#039;acc\u00e8s sera ininterrompu, qu&#039;il n&#039;y aura pas de retard, de difficult\u00e9 d&#039;utilisation, de d\u00e9faut, d&#039;incompatibilit\u00e9, de panne, d&#039;erreur, d&#039;omission ou de perte d&#039;informations transmises, qu&#039;aucun virus ou autre propri\u00e9t\u00e9 contaminante ou destructrice ne sera transmis ou qu&#039;aucun dommage ne surviendra \u00e0 votre syst\u00e8me informatique. Vous \u00eates seul responsable de la protection et de la sauvegarde ad\u00e9quates des donn\u00e9es et\/ou de l&#039;\u00e9quipement et de la prise de pr\u00e9cautions raisonnables et appropri\u00e9es pour rechercher les virus informatiques ou autres propri\u00e9t\u00e9s destructrices.<\/p><h4><strong>Marques et droits d&#039;auteur<\/strong><\/h4><p class=\"justify\">Certains noms, mots, titres, phrases, logos, ic\u00f4nes, graphiques ou dessins figurant sur les pages du Site sont des noms commerciaux ou des marques de commerce appartenant au Conseil canadien de l&#039;immigration.<\/p><p class=\"justify\">Les informations sont destin\u00e9es \u00e0 votre usage personnel uniquement. Vous pouvez t\u00e9l\u00e9charger ou copier certains contenus du Site ou d&#039;autres \u00e9l\u00e9ments t\u00e9l\u00e9charg\u00e9s pour un usage personnel uniquement. Tout t\u00e9l\u00e9chargement, retransmission ou autre copie ou modification non autoris\u00e9s des marques d\u00e9pos\u00e9es et\/ou du contenu du Site peut constituer une violation de toute loi f\u00e9d\u00e9rale ou autre pouvant s&#039;appliquer aux marques d\u00e9pos\u00e9es et\/ou aux droits d&#039;auteur et pourrait exposer le copieur \u00e0 des poursuites judiciaires. Les informations sont prot\u00e9g\u00e9es par les lois sur le droit d&#039;auteur du Canada et d&#039;autres pays. Sauf indication contraire, personne n&#039;est autoris\u00e9 \u00e0 copier, redistribuer, reproduire, r\u00e9\u00e9diter, stocker sur quelque support que ce soit, retransmettre, modifier ou faire un usage public ou commercial, sous quelque forme que ce soit, des informations.<\/p><h4><strong>Internet et courrier \u00e9lectronique<\/strong><\/h4><p class=\"justify\">Tout courrier \u00e9lectronique non prot\u00e9g\u00e9 envoy\u00e9 par Internet, comme tout autre moyen de communication (par exemple, t\u00e9l\u00e9phone portable, courrier postal), n&#039;est ni s\u00e9curis\u00e9 ni confidentiel, il est susceptible d&#039;\u00eatre intercept\u00e9 ou perdu et peut \u00e9galement \u00eatre alt\u00e9r\u00e9. Vous ne devez pas envoyer d&#039;informations confidentielles, exclusives ou sensibles par ce moyen de communication. Le Conseil canadien de l&#039;immigration n&#039;est pas responsable et ne pourra \u00eatre tenu responsable envers vous ou envers quiconque de tout dommage li\u00e9 \u00e0 un courrier \u00e9lectronique envoy\u00e9 par vous au Conseil canadien de l&#039;immigration ou \u00e0 un courrier \u00e9lectronique envoy\u00e9 par le Conseil canadien de l&#039;immigration \u00e0 votre attention.<\/p><h4><strong>Aucune recommandation<\/strong><\/h4><p class=\"justify\">Le Conseil canadien de l&#039;immigration, ses dirigeants, administrateurs ou employ\u00e9s ne font absolument aucune recommandation ni approbation de tiers ou de clients apparaissant dans notre liste ou par toute autre information sur ce site. Aucune recommandation ni approbation de tiers ou de leurs conseils, opinions, informations, produits ou services n&#039;est exprim\u00e9e ou implicite par aucune information.<\/p><h4><strong>Aucune responsabilit\u00e9<\/strong><\/h4><p class=\"justify\">Le Conseil canadien de l&#039;immigration n&#039;est pas responsable et ne sera pas tenu responsable envers vous ou quiconque pour tout dommage quel qu&#039;il soit et quelle qu&#039;en soit la cause (y compris les dommages directs, indirects, accessoires, sp\u00e9ciaux, cons\u00e9cutifs, exemplaires ou punitifs) d\u00e9coulant du Site ou des Informations, ou en relation avec ceux-ci, ou votre acc\u00e8s au Site ou aux Informations, ou votre utilisation du Site ou des Informations, ou votre incapacit\u00e9 \u00e0 acc\u00e9der au Site ou aux Informations, ou toute action ou d\u00e9cision prise par vous en vous fiant au Site ou aux Informations, ou toute erreur ou omission du Site ou des Informations, ou toute utilisation ou reproduction non autoris\u00e9e du Site ou des Informations, m\u00eame si le Conseil canadien de l&#039;immigration a \u00e9t\u00e9 inform\u00e9 de la possibilit\u00e9 de ces dommages.<\/p><h4><strong>Liens et logiciels<\/strong><\/h4><p class=\"justify\">Les liens vers des sites Web ext\u00e9rieurs au Site sont fournis uniquement \u00e0 titre indicatif. Le Conseil canadien de l&#039;immigration n&#039;examine ni ne contr\u00f4le les sites Web li\u00e9s au Site, leur contenu, leurs pratiques de confidentialit\u00e9, les tiers qui y sont nomm\u00e9s ou leurs produits et services, et n&#039;en est pas responsable. L&#039;\u00e9tablissement de liens vers tout autre site Web se fait \u00e0 vos propres risques et le Conseil canadien de l&#039;immigration ne sera pas tenu responsable des dommages li\u00e9s \u00e0 ces liens. De plus, le Conseil canadien de l&#039;immigration n&#039;approuve aucun site Web li\u00e9 au Site.<\/p><p class=\"justify\">Les liens vers des sites Web de logiciels t\u00e9l\u00e9chargeables sont fournis \u00e0 titre indicatif seulement et le Conseil canadien de l&#039;immigration n&#039;est pas responsable des difficult\u00e9s ou des cons\u00e9quences li\u00e9es au t\u00e9l\u00e9chargement de ces logiciels. L&#039;utilisation de tout logiciel t\u00e9l\u00e9charg\u00e9 est r\u00e9gie par les conditions du contrat de licence applicable, le cas \u00e9ch\u00e9ant, qui accompagne ou est fourni avec ce logiciel.<\/p><h4><strong>Juridiction<\/strong><\/h4><p class=\"justify\">Le Site est administr\u00e9 par le Conseil canadien de l&#039;immigration au Canada. Le Site, les informations et les Conditions sont r\u00e9gis par les lois du Canada qui y sont applicables, sans donner effet \u00e0 aucun principe de conflit de lois, et nonobstant votre domicile, votre r\u00e9sidence ou votre emplacement physique.<\/p><h4><strong>Utilisateurs Macintosh<\/strong><\/h4><p class=\"justify\">Les utilisateurs de Macintosh doivent \u00eatre inform\u00e9s que ce site est optimis\u00e9 pour un PC. Les utilisateurs de Macintosh doivent \u00e9galement essayer Firefox. D&#039;autres navigateurs peuvent vous emp\u00eacher de visualiser correctement notre site Web. Nous nous excusons pour la g\u00eane occasionn\u00e9e.<\/p>\t\t\t\t\t\t\t\t<\/div>\n\t\t\t\t<\/div>\n\t\t\t\t<\/div>\n\t\t\t\t<\/div>\n\t\t<div style='text-align:center' class='yasr-auto-insert-overall'><\/div>","protected":false},"excerpt":{"rendered":"<p>Conditions d'utilisation Si vous acc\u00e9dez \u00e0 ce site web (le \"site\") et l'utilisez, vous acceptez d'\u00eatre li\u00e9 par les pr\u00e9sentes conditions (les \"conditions\") et de vous y conformer. Si vous n'acceptez pas les conditions, n'utilisez pas le site et quittez-le imm\u00e9diatement. G\u00e9n\u00e9ralit\u00e9s Les conditions doivent \u00eatre lues par vous en m\u00eame temps que toute [...]<\/p>","protected":false},"author":1,"featured_media":0,"parent":0,"menu_order":0,"comment_status":"closed","ping_status":"closed","template":"","meta":{"site-sidebar-layout":"no-sidebar","site-content-layout":"page-builder","ast-site-content-layout":"full-width-container","site-content-style":"default","site-sidebar-style":"default","ast-global-header-display":"","ast-banner-title-visibility":"","ast-main-header-display":"","ast-hfb-above-header-display":"","ast-hfb-below-header-display":"","ast-hfb-mobile-header-display":"","site-post-title":"disabled","ast-breadcrumbs-content":"","ast-featured-img":"disabled","footer-sml-layout":"","theme-transparent-header-meta":"","adv-header-id-meta":"","stick-header-meta":"","header-above-stick-meta":"","header-main-stick-meta":"","header-below-stick-meta":"","astra-migrate-meta-layouts":"set","ast-page-background-enabled":"default","ast-page-background-meta":{"desktop":{"background-color":"","background-image":"","background-repeat":"repeat","background-position":"center center","background-size":"auto","background-attachment":"scroll","background-type":"","background-media":"","overlay-type":"","overlay-color":"","overlay-opacity":"","overlay-gradient":""},"tablet":{"background-color":"","background-image":"","background-repeat":"repeat","background-position":"center center","background-size":"auto","background-attachment":"scroll","background-type":"","background-media":"","overlay-type":"","overlay-color":"","overlay-opacity":"","overlay-gradient":""},"mobile":{"background-color":"","background-image":"","background-repeat":"repeat","background-position":"center center","background-size":"auto","background-attachment":"scroll","background-type":"","background-media":"","overlay-type":"","overlay-color":"","overlay-opacity":"","overlay-gradient":""}},"ast-content-background-meta":{"desktop":{"background-color":"var(--ast-global-color-5)","background-image":"","background-repeat":"repeat","background-position":"center center","background-size":"auto","background-attachment":"scroll","background-type":"","background-media":"","overlay-type":"","overlay-color":"","overlay-opacity":"","overlay-gradient":""},"tablet":{"background-color":"var(--ast-global-color-5)","background-image":"","background-repeat":"repeat","background-position":"center center","background-size":"auto","background-attachment":"scroll","background-type":"","background-media":"","overlay-type":"","overlay-color":"","overlay-opacity":"","overlay-gradient":""},"mobile":{"background-color":"var(--ast-global-color-5)","background-image":"","background-repeat":"repeat","background-position":"center center","background-size":"auto","background-attachment":"scroll","background-type":"","background-media":"","overlay-type":"","overlay-color":"","overlay-opacity":"","overlay-gradient":""}},"yasr_overall_rating":0,"yasr_post_is_review":"","yasr_auto_insert_disabled":"","yasr_review_type":"","footnotes":""},"class_list":["post-3147","page","type-page","status-publish","hentry"],"yoast_head":"<!-- This site is optimized with the Yoast SEO plugin v26.2 - https:\/\/yoast.com\/wordpress\/plugins\/seo\/ -->\n<title>Terms of Use - Canadian Immigration Consultants<\/title>\n<meta name=\"description\" content=\"Terms of Use If you access and use this Web site (the \u201cSite\u201d), you accept and agree to be bound by and comply with these terms (the \u201cTerms\u201d). If you do\" \/>\n<meta name=\"robots\" content=\"index, follow, max-snippet:-1, max-image-preview:large, max-video-preview:-1\" \/>\n<link rel=\"canonical\" href=\"https:\/\/immigration-tocanada.com\/fr\/conditions-dutilisation\/\" \/>\n<meta property=\"og:locale\" content=\"fr_FR\" \/>\n<meta property=\"og:type\" content=\"article\" \/>\n<meta property=\"og:title\" content=\"Terms of Use - Canadian Immigration Consultants\" \/>\n<meta property=\"og:description\" content=\"Terms of Use If you access and use this Web site (the \u201cSite\u201d), you accept and agree to be bound by and comply with these terms (the \u201cTerms\u201d). If you do\" \/>\n<meta property=\"og:url\" content=\"https:\/\/immigration-tocanada.com\/fr\/conditions-dutilisation\/\" \/>\n<meta property=\"og:site_name\" content=\"Canadian Immigration Consultants\" \/>\n<meta property=\"article:modified_time\" content=\"2025-06-13T12:20:24+00:00\" \/>\n<meta property=\"og:image\" content=\"https:\/\/immigration-tocanada.com\/wp-content\/uploads\/2024\/06\/CANADIAN_trans_align.png\" \/>\n\t<meta property=\"og:image:width\" content=\"220\" \/>\n\t<meta property=\"og:image:height\" content=\"96\" \/>\n\t<meta property=\"og:image:type\" content=\"image\/png\" \/>\n<meta name=\"twitter:card\" content=\"summary_large_image\" \/>\n<meta name=\"twitter:label1\" content=\"Dur\u00e9e de lecture estim\u00e9e\" \/>\n\t<meta name=\"twitter:data1\" content=\"5 minutes\" \/>\n<script type=\"application\/ld+json\" class=\"yoast-schema-graph\">{\"@context\":\"https:\/\/schema.org\",\"@graph\":[{\"@type\":\"WebPage\",\"@id\":\"https:\/\/immigration-tocanada.com\/fr\/conditions-dutilisation\/\",\"url\":\"https:\/\/immigration-tocanada.com\/fr\/conditions-dutilisation\/\",\"name\":\"Terms of Use - Canadian Immigration Consultants\",\"isPartOf\":{\"@id\":\"https:\/\/immigration-tocanada.com\/#website\"},\"datePublished\":\"2024-07-23T02:50:19+00:00\",\"dateModified\":\"2025-06-13T12:20:24+00:00\",\"description\":\"Terms of Use If you access and use this Web site (the \u201cSite\u201d), you accept and agree to be bound by and comply with these terms (the \u201cTerms\u201d). If you do\",\"breadcrumb\":{\"@id\":\"https:\/\/immigration-tocanada.com\/fr\/conditions-dutilisation\/#breadcrumb\"},\"inLanguage\":\"fr-FR\",\"potentialAction\":[{\"@type\":\"ReadAction\",\"target\":[\"https:\/\/immigration-tocanada.com\/fr\/conditions-dutilisation\/\"]}]},{\"@type\":\"BreadcrumbList\",\"@id\":\"https:\/\/immigration-tocanada.com\/fr\/conditions-dutilisation\/#breadcrumb\",\"itemListElement\":[{\"@type\":\"ListItem\",\"position\":1,\"name\":\"Home\",\"item\":\"https:\/\/immigration-tocanada.com\/\"},{\"@type\":\"ListItem\",\"position\":2,\"name\":\"Terms of Use\"}]},{\"@type\":\"WebSite\",\"@id\":\"https:\/\/immigration-tocanada.com\/#website\",\"url\":\"https:\/\/immigration-tocanada.com\/\",\"name\":\"The Canadian Immigration Council\",\"description\":\"Immigration to Canada, Canadian citizenship consultant\",\"publisher\":{\"@id\":\"https:\/\/immigration-tocanada.com\/#organization\"},\"alternateName\":\"Immigrate to Canada \/ Qu\u00e9bec\",\"potentialAction\":[{\"@type\":\"SearchAction\",\"target\":{\"@type\":\"EntryPoint\",\"urlTemplate\":\"https:\/\/immigration-tocanada.com\/?s={search_term_string}\"},\"query-input\":{\"@type\":\"PropertyValueSpecification\",\"valueRequired\":true,\"valueName\":\"search_term_string\"}}],\"inLanguage\":\"fr-FR\"},{\"@type\":\"Organization\",\"@id\":\"https:\/\/immigration-tocanada.com\/#organization\",\"name\":\"The Canadian Immigration Council\",\"alternateName\":\"Immigrate to Canada\/Quebec\",\"url\":\"https:\/\/immigration-tocanada.com\/\",\"logo\":{\"@type\":\"ImageObject\",\"inLanguage\":\"fr-FR\",\"@id\":\"https:\/\/immigration-tocanada.com\/#\/schema\/logo\/image\/\",\"url\":\"https:\/\/immigration-tocanada.com\/wp-content\/uploads\/2024\/06\/CANADIAN_trans_align.png\",\"contentUrl\":\"https:\/\/immigration-tocanada.com\/wp-content\/uploads\/2024\/06\/CANADIAN_trans_align.png\",\"width\":220,\"height\":96,\"caption\":\"The Canadian Immigration Council\"},\"image\":{\"@id\":\"https:\/\/immigration-tocanada.com\/#\/schema\/logo\/image\/\"}},false]}<\/script>\n<!-- \/ Yoast SEO plugin. -->","yoast_head_json":{"title":"Terms of Use - Canadian Immigration Consultants","description":"Conditions d'utilisation Si vous acc\u00e9dez \u00e0 ce site web (le \"site\") et l'utilisez, vous acceptez d'\u00eatre li\u00e9 par les pr\u00e9sentes conditions (les \"conditions\") et de vous y conformer. Si vous","robots":{"index":"index","follow":"follow","max-snippet":"max-snippet:-1","max-image-preview":"max-image-preview:large","max-video-preview":"max-video-preview:-1"},"canonical":"https:\/\/immigration-tocanada.com\/fr\/conditions-dutilisation\/","og_locale":"fr_FR","og_type":"article","og_title":"Terms of Use - Canadian Immigration Consultants","og_description":"Terms of Use If you access and use this Web site (the \u201cSite\u201d), you accept and agree to be bound by and comply with these terms (the \u201cTerms\u201d). If you do","og_url":"https:\/\/immigration-tocanada.com\/fr\/conditions-dutilisation\/","og_site_name":"Canadian Immigration Consultants","article_modified_time":"2025-06-13T12:20:24+00:00","og_image":[{"width":220,"height":96,"url":"https:\/\/immigration-tocanada.com\/wp-content\/uploads\/2024\/06\/CANADIAN_trans_align.png","type":"image\/png"}],"twitter_card":"summary_large_image","twitter_misc":{"Dur\u00e9e de lecture estim\u00e9e":"5 minutes"},"schema":{"@context":"https:\/\/schema.org","@graph":[{"@type":"WebPage","@id":"https:\/\/immigration-tocanada.com\/fr\/conditions-dutilisation\/","url":"https:\/\/immigration-tocanada.com\/fr\/conditions-dutilisation\/","name":"Terms of Use - Canadian Immigration Consultants","isPartOf":{"@id":"https:\/\/immigration-tocanada.com\/#website"},"datePublished":"2024-07-23T02:50:19+00:00","dateModified":"2025-06-13T12:20:24+00:00","description":"Conditions d'utilisation Si vous acc\u00e9dez \u00e0 ce site web (le \"site\") et l'utilisez, vous acceptez d'\u00eatre li\u00e9 par les pr\u00e9sentes conditions (les \"conditions\") et de vous y conformer. Si vous","breadcrumb":{"@id":"https:\/\/immigration-tocanada.com\/fr\/conditions-dutilisation\/#breadcrumb"},"inLanguage":"fr-FR","potentialAction":[{"@type":"ReadAction","target":["https:\/\/immigration-tocanada.com\/fr\/conditions-dutilisation\/"]}]},{"@type":"BreadcrumbList","@id":"https:\/\/immigration-tocanada.com\/fr\/conditions-dutilisation\/#breadcrumb","itemListElement":[{"@type":"ListItem","position":1,"name":"Home","item":"https:\/\/immigration-tocanada.com\/"},{"@type":"ListItem","position":2,"name":"Terms of Use"}]},{"@type":"WebSite","@id":"https:\/\/immigration-tocanada.com\/#website","url":"https:\/\/immigration-tocanada.com\/","name":"Le Conseil canadien de l'immigration","description":"Immigration au Canada, consultant en citoyennet\u00e9 canadienne","publisher":{"@id":"https:\/\/immigration-tocanada.com\/#organization"},"alternateName":"Immigrate to Canada \/ Qu\u00e9bec","potentialAction":[{"@type":"SearchAction","target":{"@type":"EntryPoint","urlTemplate":"https:\/\/immigration-tocanada.com\/?s={search_term_string}"},"query-input":{"@type":"PropertyValueSpecification","valueRequired":true,"valueName":"search_term_string"}}],"inLanguage":"fr-FR"},{"@type":"Organization","@id":"https:\/\/immigration-tocanada.com\/#organization","name":"Le Conseil canadien de l'immigration","alternateName":"Immigrate to Canada\/Quebec","url":"https:\/\/immigration-tocanada.com\/","logo":{"@type":"ImageObject","inLanguage":"fr-FR","@id":"https:\/\/immigration-tocanada.com\/#\/schema\/logo\/image\/","url":"https:\/\/immigration-tocanada.com\/wp-content\/uploads\/2024\/06\/CANADIAN_trans_align.png","contentUrl":"https:\/\/immigration-tocanada.com\/wp-content\/uploads\/2024\/06\/CANADIAN_trans_align.png","width":220,"height":96,"caption":"The Canadian Immigration Council"},"image":{"@id":"https:\/\/immigration-tocanada.com\/#\/schema\/logo\/image\/"}},false]}},"yasr_visitor_votes":{"stars_attributes":{"read_only":true,"span_bottom":"<div class='yasr-small-block-bold'><span class='yasr-visitor-votes-must-sign-in'>You must sign in to vote<\/span><\/div>"},"number_of_votes":0,"sum_votes":0},"_links":{"self":[{"href":"https:\/\/immigration-tocanada.com\/fr\/wp-json\/wp\/v2\/pages\/3147","targetHints":{"allow":["GET"]}}],"collection":[{"href":"https:\/\/immigration-tocanada.com\/fr\/wp-json\/wp\/v2\/pages"}],"about":[{"href":"https:\/\/immigration-tocanada.com\/fr\/wp-json\/wp\/v2\/types\/page"}],"author":[{"embeddable":true,"href":"https:\/\/immigration-tocanada.com\/fr\/wp-json\/wp\/v2\/users\/1"}],"replies":[{"embeddable":true,"href":"https:\/\/immigration-tocanada.com\/fr\/wp-json\/wp\/v2\/comments?post=3147"}],"version-history":[{"count":3,"href":"https:\/\/immigration-tocanada.com\/fr\/wp-json\/wp\/v2\/pages\/3147\/revisions"}],"predecessor-version":[{"id":3588,"href":"https:\/\/immigration-tocanada.com\/fr\/wp-json\/wp\/v2\/pages\/3147\/revisions\/3588"}],"wp:attachment":[{"href":"https:\/\/immigration-tocanada.com\/fr\/wp-json\/wp\/v2\/media?parent=3147"}],"curies":[{"name":"wp","href":"https:\/\/api.w.org\/{rel}","templated":true}]}}